{"id":831,"date":"2019-12-23T16:02:30","date_gmt":"2019-12-23T16:02:30","guid":{"rendered":"https:\/\/grandc.de\/startseite"},"modified":"2026-02-12T23:55:39","modified_gmt":"2026-02-12T23:55:39","slug":"startseite","status":"publish","type":"page","link":"https:\/\/grandc.de\/en","title":{"rendered":"Startseite"},"content":{"rendered":"","protected":false},"excerpt":{"rendered":"","protected":false},"author":1,"featured_media":0,"parent":0,"menu_order":0,"comment_status":"closed","ping_status":"open","template":"landing-page.php","meta":{"_acf_changed":false,"footnotes":""},"class_list":["post-831","page","type-page","status-publish","hentry"],"acf":[],"yoast_head":"<!-- This site is optimized with the Yoast SEO plugin v24.7 - https:\/\/yoast.com\/wordpress\/plugins\/seo\/ -->\n<title>GRAND C - Au\u00dfergew\u00f6hnliche Cr\u00e9mants &amp; Weine<\/title>\n<meta name=\"description\" content=\"GRAND C steht f\u00fcr au\u00dfergew\u00f6hnliche Cr\u00e9mants &amp; Weine. Unsere Cr\u00e9mants und Weine tragen dazu bei, dass der Moment zum Genuss wird.\" \/>\n<meta name=\"robots\" content=\"index, follow, max-snippet:-1, max-image-preview:large, max-video-preview:-1\" \/>\n<link rel=\"canonical\" href=\"https:\/\/grandc.de\/en\/startseite\" \/>\n<meta property=\"og:locale\" content=\"en_US\" \/>\n<meta property=\"og:type\" content=\"article\" \/>\n<meta property=\"og:title\" content=\"GRAND C - Au\u00dfergew\u00f6hnliche Cr\u00e9mants &amp; Weine\" \/>\n<meta property=\"og:description\" content=\"GRAND C steht f\u00fcr au\u00dfergew\u00f6hnliche Cr\u00e9mants &amp; Weine. Unsere Cr\u00e9mants und Weine tragen dazu bei, dass der Moment zum Genuss wird.\" \/>\n<meta property=\"og:url\" content=\"https:\/\/grandc.de\/en\/startseite\" \/>\n<meta property=\"og:site_name\" content=\"GRAND C\" \/>\n<meta property=\"article:modified_time\" content=\"2026-02-12T23:55:39+00:00\" \/>\n<meta name=\"twitter:card\" content=\"summary_large_image\" \/>\n<meta name=\"twitter:label1\" content=\"Est. reading time\" \/>\n\t<meta name=\"twitter:data1\" content=\"5 minutes\" \/>\n<script type=\"application\/ld+json\" class=\"yoast-schema-graph\">{\"@context\":\"https:\/\/schema.org\",\"@graph\":[{\"@type\":\"WebPage\",\"@id\":\"https:\/\/grandc.de\/en\/startseite\",\"url\":\"https:\/\/grandc.de\/en\/startseite\",\"name\":\"GRAND C - Au\u00dfergew\u00f6hnliche Cr\u00e9mants & Weine\",\"isPartOf\":{\"@id\":\"https:\/\/grandc.de\/#website\"},\"datePublished\":\"2019-12-23T16:02:30+00:00\",\"dateModified\":\"2026-02-12T23:55:39+00:00\",\"description\":\"GRAND C steht f\u00fcr au\u00dfergew\u00f6hnliche Cr\u00e9mants & Weine. Unsere Cr\u00e9mants und Weine tragen dazu bei, dass der Moment zum Genuss wird.\",\"breadcrumb\":{\"@id\":\"https:\/\/grandc.de\/en\/startseite#breadcrumb\"},\"inLanguage\":\"en-US\",\"potentialAction\":[{\"@type\":\"ReadAction\",\"target\":[\"https:\/\/grandc.de\/en\/startseite\"]}]},{\"@type\":\"BreadcrumbList\",\"@id\":\"https:\/\/grandc.de\/en\/startseite#breadcrumb\",\"itemListElement\":[{\"@type\":\"ListItem\",\"position\":1,\"name\":\"Startseite\",\"item\":\"https:\/\/grandc.de\/en\/startseite\"},{\"@type\":\"ListItem\",\"position\":2,\"name\":\"Startseite\"}]},{\"@type\":\"WebSite\",\"@id\":\"https:\/\/grandc.de\/#website\",\"url\":\"https:\/\/grandc.de\/\",\"name\":\"GRAND C\",\"description\":\"Cr\u00e9mants &amp; Weine\",\"potentialAction\":[{\"@type\":\"SearchAction\",\"target\":{\"@type\":\"EntryPoint\",\"urlTemplate\":\"https:\/\/grandc.de\/?s={search_term_string}\"},\"query-input\":{\"@type\":\"PropertyValueSpecification\",\"valueRequired\":true,\"valueName\":\"search_term_string\"}}],\"inLanguage\":\"en-US\"}]}<\/script>\n<!-- \/ Yoast SEO plugin. -->","yoast_head_json":{"title":"GRAND C - Au\u00dfergew\u00f6hnliche Cr\u00e9mants & Weine","description":"GRAND C steht f\u00fcr au\u00dfergew\u00f6hnliche Cr\u00e9mants & Weine. Unsere Cr\u00e9mants und Weine tragen dazu bei, dass der Moment zum Genuss wird.","robots":{"index":"index","follow":"follow","max-snippet":"max-snippet:-1","max-image-preview":"max-image-preview:large","max-video-preview":"max-video-preview:-1"},"canonical":"https:\/\/grandc.de\/en\/startseite","og_locale":"en_US","og_type":"article","og_title":"GRAND C - Au\u00dfergew\u00f6hnliche Cr\u00e9mants & Weine","og_description":"GRAND C steht f\u00fcr au\u00dfergew\u00f6hnliche Cr\u00e9mants & Weine. Unsere Cr\u00e9mants und Weine tragen dazu bei, dass der Moment zum Genuss wird.","og_url":"https:\/\/grandc.de\/en\/startseite","og_site_name":"GRAND C","article_modified_time":"2026-02-12T23:55:39+00:00","twitter_card":"summary_large_image","twitter_misc":{"Est. reading time":"5 minutes"},"schema":{"@context":"https:\/\/schema.org","@graph":[{"@type":"WebPage","@id":"https:\/\/grandc.de\/en\/startseite","url":"https:\/\/grandc.de\/en\/startseite","name":"GRAND C - Au\u00dfergew\u00f6hnliche Cr\u00e9mants & Weine","isPartOf":{"@id":"https:\/\/grandc.de\/#website"},"datePublished":"2019-12-23T16:02:30+00:00","dateModified":"2026-02-12T23:55:39+00:00","description":"GRAND C steht f\u00fcr au\u00dfergew\u00f6hnliche Cr\u00e9mants & Weine. Unsere Cr\u00e9mants und Weine tragen dazu bei, dass der Moment zum Genuss wird.","breadcrumb":{"@id":"https:\/\/grandc.de\/en\/startseite#breadcrumb"},"inLanguage":"en-US","potentialAction":[{"@type":"ReadAction","target":["https:\/\/grandc.de\/en\/startseite"]}]},{"@type":"BreadcrumbList","@id":"https:\/\/grandc.de\/en\/startseite#breadcrumb","itemListElement":[{"@type":"ListItem","position":1,"name":"Startseite","item":"https:\/\/grandc.de\/en\/startseite"},{"@type":"ListItem","position":2,"name":"Startseite"}]},{"@type":"WebSite","@id":"https:\/\/grandc.de\/#website","url":"https:\/\/grandc.de\/","name":"GRAND C","description":"Cr\u00e9mants &amp; Weine","potentialAction":[{"@type":"SearchAction","target":{"@type":"EntryPoint","urlTemplate":"https:\/\/grandc.de\/?s={search_term_string}"},"query-input":{"@type":"PropertyValueSpecification","valueRequired":true,"valueName":"search_term_string"}}],"inLanguage":"en-US"}]}},"_links":{"self":[{"href":"https:\/\/grandc.de\/en\/wp-json\/wp\/v2\/pages\/831","targetHints":{"allow":["GET"]}}],"collection":[{"href":"https:\/\/grandc.de\/en\/wp-json\/wp\/v2\/pages"}],"about":[{"href":"https:\/\/grandc.de\/en\/wp-json\/wp\/v2\/types\/page"}],"author":[{"embeddable":true,"href":"https:\/\/grandc.de\/en\/wp-json\/wp\/v2\/users\/1"}],"replies":[{"embeddable":true,"href":"https:\/\/grandc.de\/en\/wp-json\/wp\/v2\/comments?post=831"}],"version-history":[{"count":20,"href":"https:\/\/grandc.de\/en\/wp-json\/wp\/v2\/pages\/831\/revisions"}],"predecessor-version":[{"id":1384,"href":"https:\/\/grandc.de\/en\/wp-json\/wp\/v2\/pages\/831\/revisions\/1384"}],"wp:attachment":[{"href":"https:\/\/grandc.de\/en\/wp-json\/wp\/v2\/media?parent=831"}],"curies":[{"name":"wp","href":"https:\/\/api.w.org\/{rel}","templated":true}]}}